{"id":49680,"date":"2020-10-22T17:54:26","date_gmt":"2020-10-22T20:54:26","guid":{"rendered":"https:\/\/showlivreplay.com\/?post_type=product&#038;p=49680"},"modified":"2021-04-16T15:07:39","modified_gmt":"2021-04-16T18:07:39","slug":"moacyr-franco-ao-vivo","status":"publish","type":"product","link":"https:\/\/showlivreplay.com\/en\/product\/moacyr-franco-ao-vivo\/","title":{"rendered":"Moacyr Franco \u201cMeio Sertanejo\u201d \u2013 LIVE"},"content":{"rendered":"<p class=\"gmail-has-text-align-center\">on the day when <strong>Moacyr Franco<\/strong> turned 84, he put on a commemorative show, full of music and chat. Accompanied by a band and great guest artists: Felipe Ara\u00fajo, Thaeme &amp; Thiago, Alison Brasil and Jo\u00e3o Reis, Diego &amp; Ramon, F\u00e1bio Lopes &amp; Rodrigo.<br data-rich-text-line-break=\"true\" \/>Don&#039;t miss this show, recorded live, in a special tribute night to make you laugh and get emotional.<br data-rich-text-line-break=\"true\" \/>An exclusive show, which you can watch from wherever you want through <strong>ShowlivrePlay.<\/strong><\/p>","protected":false},"excerpt":{"rendered":"<p>Presentation recorded on 10\/5\/2020, made at Estudio ShowlivrePLAY.<\/p>","protected":false},"featured_media":49141,"template":"","meta":{"_ppp_document_settings_meta":""},"genero_shows":[168],"product_cat":[116],"product_tag":[],"_links":{"self":[{"href":"https:\/\/showlivreplay.com\/en\/wp-json\/wp\/v2\/product\/49680"}],"collection":[{"href":"https:\/\/showlivreplay.com\/en\/wp-json\/wp\/v2\/product"}],"about":[{"href":"https:\/\/showlivreplay.com\/en\/wp-json\/wp\/v2\/types\/product"}],"wp:featuredmedia":[{"embeddable":true,"href":"https:\/\/showlivreplay.com\/en\/wp-json\/wp\/v2\/media\/49141"}],"wp:attachment":[{"href":"https:\/\/showlivreplay.com\/en\/wp-json\/wp\/v2\/media?parent=49680"}],"wp:term":[{"taxonomy":"genero_shows","embeddable":true,"href":"https:\/\/showlivreplay.com\/en\/wp-json\/wp\/v2\/genero_shows?post=49680"},{"taxonomy":"product_cat","embeddable":true,"href":"https:\/\/showlivreplay.com\/en\/wp-json\/wp\/v2\/product_cat?post=49680"},{"taxonomy":"product_tag","embeddable":true,"href":"https:\/\/showlivreplay.com\/en\/wp-json\/wp\/v2\/product_tag?post=49680"}],"curies":[{"name":"wp","href":"https:\/\/api.w.org\/{rel}","templated":true}]}}