{"id":48126,"date":"2020-07-28T13:32:27","date_gmt":"2020-07-28T16:32:27","guid":{"rendered":"https:\/\/showlivreplay.com\/?post_type=product&#038;p=48126"},"modified":"2021-04-15T16:13:12","modified_gmt":"2021-04-15T19:13:12","slug":"esteban-show-interativo-direto-do-estudio","status":"publish","type":"product","link":"https:\/\/showlivreplay.com\/en\/product\/esteban-show-interativo-direto-do-estudio\/","title":{"rendered":"Esteban \u2013 LIVE"},"content":{"rendered":"<p class=\"gmail-has-text-align-center\"><strong>ShowlivrePlay<\/strong> and <strong>Esteban Tavares<\/strong> present an online and exclusive show inside the studios with all preventive measures. <br data-rich-text-line-break=\"true\" \/><strong>Esteban<\/strong>, which is consolidated as one of the main names of the new Brazilian musical crop, presented the songs of the new work in the studio <strong>\u201cToda Ma\u00f1ana Tendr\u00e1s Una Nueva Canci\u00f3n: Santa Fe\u201d<\/strong> among other career hits with his full band!<\/p>","protected":false},"excerpt":{"rendered":"<p>Presentation recorded on 7\/17\/2020, made at Estudio ShowlivrePLAY.<\/p>","protected":false},"featured_media":47355,"template":"","meta":{"_ppp_document_settings_meta":""},"genero_shows":[164,160],"product_cat":[116],"product_tag":[],"_links":{"self":[{"href":"https:\/\/showlivreplay.com\/en\/wp-json\/wp\/v2\/product\/48126"}],"collection":[{"href":"https:\/\/showlivreplay.com\/en\/wp-json\/wp\/v2\/product"}],"about":[{"href":"https:\/\/showlivreplay.com\/en\/wp-json\/wp\/v2\/types\/product"}],"wp:featuredmedia":[{"embeddable":true,"href":"https:\/\/showlivreplay.com\/en\/wp-json\/wp\/v2\/media\/47355"}],"wp:attachment":[{"href":"https:\/\/showlivreplay.com\/en\/wp-json\/wp\/v2\/media?parent=48126"}],"wp:term":[{"taxonomy":"genero_shows","embeddable":true,"href":"https:\/\/showlivreplay.com\/en\/wp-json\/wp\/v2\/genero_shows?post=48126"},{"taxonomy":"product_cat","embeddable":true,"href":"https:\/\/showlivreplay.com\/en\/wp-json\/wp\/v2\/product_cat?post=48126"},{"taxonomy":"product_tag","embeddable":true,"href":"https:\/\/showlivreplay.com\/en\/wp-json\/wp\/v2\/product_tag?post=48126"}],"curies":[{"name":"wp","href":"https:\/\/api.w.org\/{rel}","templated":true}]}}