{"id":47299,"date":"2020-06-23T17:53:23","date_gmt":"2020-06-23T20:53:23","guid":{"rendered":"https:\/\/showlivreplay.com\/?post_type=product&#038;p=47299"},"modified":"2021-04-16T15:05:03","modified_gmt":"2021-04-16T18:05:03","slug":"marcos-sabino-ao-vivo-para-o-musicasalva-r10","status":"publish","type":"product","link":"https:\/\/showlivreplay.com\/en\/product\/marcos-sabino-ao-vivo-para-o-musicasalva-r10\/","title":{"rendered":"Marcos Sabino \u2013 LIVE for #musicasalva"},"content":{"rendered":"<p class=\"gmail-has-text-align-center\">Marcos Sabino was born in Niter\u00f3i RJ in 1959. In 1978 he was part of O Circo, a well-known band from Niter\u00f3i. In this group, he was with Byafra and names like Fernando Bittencourt, Marcio Bahia, Humberto Resende, Simiana and Marise de Rezende, Marcos&#039; record partners. In 1981, he was part of Guilherme Arantes&#039; band, singing in the classic song \u201cPlaneta \u00c1gua\u201d. In 1982, he released the LP &quot;Reluz&quot; and established himself as a great musician and performer, taking the LP&#039;s title track, of his own, to the hit charts, being the flagship of an album that sold more than one million copies. and won him several awards. Other artists recorded songs by Marcos Sabino, such as Leandro and Leonardo, Dalto, F\u00e1bio J\u00fanior, Simony, Jerry Adriani, L\u00e9o Jaime, Leonardo, Fat Family among others.<\/p>","protected":false},"excerpt":{"rendered":"<p>Presentation recorded on 6\/12\/2020, made at the artist&#039;s house for the #musicasalva campaign.<\/p>","protected":false},"featured_media":46511,"template":"","meta":{"_ppp_document_settings_meta":""},"genero_shows":[162],"product_cat":[116],"product_tag":[],"_links":{"self":[{"href":"https:\/\/showlivreplay.com\/en\/wp-json\/wp\/v2\/product\/47299"}],"collection":[{"href":"https:\/\/showlivreplay.com\/en\/wp-json\/wp\/v2\/product"}],"about":[{"href":"https:\/\/showlivreplay.com\/en\/wp-json\/wp\/v2\/types\/product"}],"wp:featuredmedia":[{"embeddable":true,"href":"https:\/\/showlivreplay.com\/en\/wp-json\/wp\/v2\/media\/46511"}],"wp:attachment":[{"href":"https:\/\/showlivreplay.com\/en\/wp-json\/wp\/v2\/media?parent=47299"}],"wp:term":[{"taxonomy":"genero_shows","embeddable":true,"href":"https:\/\/showlivreplay.com\/en\/wp-json\/wp\/v2\/genero_shows?post=47299"},{"taxonomy":"product_cat","embeddable":true,"href":"https:\/\/showlivreplay.com\/en\/wp-json\/wp\/v2\/product_cat?post=47299"},{"taxonomy":"product_tag","embeddable":true,"href":"https:\/\/showlivreplay.com\/en\/wp-json\/wp\/v2\/product_tag?post=47299"}],"curies":[{"name":"wp","href":"https:\/\/api.w.org\/{rel}","templated":true}]}}