{"id":47298,"date":"2020-06-16T23:27:04","date_gmt":"2020-06-17T02:27:04","guid":{"rendered":"https:\/\/showlivreplay.com\/?post_type=product&#038;p=47298"},"modified":"2021-04-16T15:06:31","modified_gmt":"2021-04-16T18:06:31","slug":"leoni-ao-vivo-para-o-musicasalva-r10","status":"publish","type":"product","link":"https:\/\/showlivreplay.com\/en\/product\/leoni-ao-vivo-para-o-musicasalva-r10\/","title":{"rendered":"Leoni \u2013 LIVE for #musicasalva"},"content":{"rendered":"<p class=\"gmail-has-text-align-center\">In a solo career for more than 20 years, the musician, singer, songwriter and writer from Rio de Janeiro, Leoni has in his trajectory the participation in the foundation of consecrated bands in the national rock scene \u2013 Kid Abelha and Her\u00f3is da Resist\u00eancia \u2013 and numerous partnerships with big names of Brazilian music and artists who are emerging as promises in the market. He is the author of hits such as &quot;S\u00f3 Pro Meu Prazer&quot;, &quot;Double de Corpo&quot; and &quot;Garotos II&quot;, one of the singer&#039;s most played songs. In addition to the established partnerships that include names such as<br \/>\nCazuza, Herbert Vianna, L\u00e9o Jaime, Paula Toller, Frejat, Ney Matogrosso and Vin\u00edcius Cantu\u00e1ria, with pop hits such as \u201cFixa\u00e7\u00e3o\u201d, \u201cComo eu Quero\u201d, \u201cExagerado\u201d, \u201cThe formula of love\u201d, among others.<\/p>","protected":false},"excerpt":{"rendered":"<p>Presentation recorded on 6\/10\/2020, made at the artist&#039;s house for the #musicasalva campaign.<\/p>","protected":false},"featured_media":43156,"template":"","meta":{"_ppp_document_settings_meta":""},"genero_shows":[162,160],"product_cat":[116],"product_tag":[],"_links":{"self":[{"href":"https:\/\/showlivreplay.com\/en\/wp-json\/wp\/v2\/product\/47298"}],"collection":[{"href":"https:\/\/showlivreplay.com\/en\/wp-json\/wp\/v2\/product"}],"about":[{"href":"https:\/\/showlivreplay.com\/en\/wp-json\/wp\/v2\/types\/product"}],"wp:featuredmedia":[{"embeddable":true,"href":"https:\/\/showlivreplay.com\/en\/wp-json\/wp\/v2\/media\/43156"}],"wp:attachment":[{"href":"https:\/\/showlivreplay.com\/en\/wp-json\/wp\/v2\/media?parent=47298"}],"wp:term":[{"taxonomy":"genero_shows","embeddable":true,"href":"https:\/\/showlivreplay.com\/en\/wp-json\/wp\/v2\/genero_shows?post=47298"},{"taxonomy":"product_cat","embeddable":true,"href":"https:\/\/showlivreplay.com\/en\/wp-json\/wp\/v2\/product_cat?post=47298"},{"taxonomy":"product_tag","embeddable":true,"href":"https:\/\/showlivreplay.com\/en\/wp-json\/wp\/v2\/product_tag?post=47298"}],"curies":[{"name":"wp","href":"https:\/\/api.w.org\/{rel}","templated":true}]}}