{"id":8052,"date":"2020-04-03T11:32:13","date_gmt":"2020-04-03T14:32:13","guid":{"rendered":"https:\/\/laivee.com\/?page_id=8052"},"modified":"2024-03-20T14:21:25","modified_gmt":"2024-03-20T17:21:25","slug":"pt","status":"publish","type":"page","link":"https:\/\/showlivreplay.com\/en\/","title":{"rendered":"HOME OFICIAL (PORTUGUES)"},"content":{"rendered":"<div class=\"wpb-content-wrapper\"><div id=\"gen_fount-431\"class=\"per_init wpb_row vc_row-fluid vc_row prk_full_width prk_section vc_row-fluid fount_centered_text fount_row\" ><div class=\"small-12 fount_outer_row\"><div class=\"extra_pad prk_inner_block columns small-centered clearfix\"><div class=\"row\">\n\t<div class=\"vc_col-sm-12 columns vc_column_container wpb_column column_container wpb_column\">\n\t\t<div class=\"wpb_wrapper\">\n\t\t\t<div class=\"clearfix\" style=\"height:80px;\"><\/div>\n\t<div class=\"wpb_text_column wpb_content_element  container-title-home-show\" >\n\t\t<div class=\"wpb_wrapper\">\n\t\t\t<div class=\"simple_line colored above thicker columns small-2 medium-1 small-centered forced_mobile line-title-home\" style=\"border-bottom-color: #0c0c0c;\"><\/div>\n<div class=\"header_font bd_headings_text_shadow zero_color prk_vc_title title-home-show\">\n<h2>Live Shows Agenda<\/h2>\n<\/div>\n\n\t\t<\/div>\n\t<\/div>\n\n\t<div class=\"wpb_text_column wpb_content_element\" >\n\t\t<div class=\"wpb_wrapper\">\n\t\t\t<p><span style=\"font-weight: 400;\">Check out our next <strong>streaming live shows<\/strong> and get your ticket now!<\/span><\/p>\n\n\t\t<\/div>\n\t<\/div>\n<div class=\"clearfix\" style=\"margin-top:-20px;\"><\/div><div id=\"prk_shortcode_latest_posts\" class=\"recentposts_ul_wp small-12 off-float\"><div class=\"shortcode-title\"><\/div><div class=\"simple_line\"><\/div><h2 class=\"fount_shortcode_warning\">N\u00e3o h\u00e1 shows programados<\/h2><\/div><div class=\"theme_button large btn-show\"><a href=\"https:\/\/showlivreplay.com\/en\/agenda\/\" target=\"_self\" class=\"fade_anchor\">See all<\/a><\/div>\n\t<div class=\"wpb_raw_code wpb_raw_js\" >\n\t\t<div class=\"wpb_wrapper\">\n\t\t\t<script> \nif( document.querySelector('.fount_shortcode_warning')!== null ){\ndocument.querySelectorAll('.btn-show').forEach(e => e.parentNode.removeChild(e));\n}\n<\/script>\n\t\t<\/div>\n\t<\/div>\n<div class=\"clearfix\" style=\"height:10px;\"><\/div>\n\t<div class=\"wpb_text_column wpb_content_element  container-title-home-show\" >\n\t\t<div class=\"wpb_wrapper\">\n\t\t\t<div class=\"simple_line colored above thicker columns small-2 medium-1 small-centered forced_mobile line-title-home\" style=\"border-bottom-color: #0c0c0c;\"><\/div>\n<div class=\"header_font bd_headings_text_shadow zero_color prk_vc_title title-home-show\">\n<h2>Recorded Shows<\/h2>\n<\/div>\n\n\t\t<\/div>\n\t<\/div>\n\n\t<div class=\"wpb_text_column wpb_content_element  recorded-shows-text\" >\n\t\t<div class=\"wpb_wrapper\">\n\t\t\t<p style=\"text-align: center;\">Watch the shows that <strong>have already been streamed<\/strong> on ShowlivrePlay!<\/p>\n\n\t\t<\/div>\n\t<\/div>\n<div class=\"clearfix\" style=\"margin-top:-80px;\"><\/div>\n\t\t<\/div> \n\t<\/div> \n<\/div><\/div><\/div><div class=\"clearfix\"><\/div><\/div><div class=\"clearfix\"><\/div><div id=\"gen_fount-509\"class=\"per_init wpb_row vc_row-fluid  recorded-shows-list vc_row prk_full_width prk_section vc_row-fluid fount_centered_text fount_row\" ><div class=\"small-12 fount_outer_row\"><div class=\"extra_pad prk_inner_block columns small-centered clearfix\"><div class=\"row\">\n\t<div class=\"vc_col-sm-4 columns vc_column_container wpb_column column_container wpb_column\">\n\t\t<div class=\"wpb_wrapper\">\n\t\t\t<div class=\"wpb_single_image vc_align_center\">\n\t\t<div class=\"wpb_wrapper\">\n\t\t\t\n\t\t\t<div class=\"vc_single_image-wrapper\"><img loading=\"lazy\" decoding=\"async\" width=\"300\" height=\"200\" src=\"https:\/\/showlivreplay.com\/wp-content\/uploads\/2020\/06\/SLPlay_telao_slider_Esteban2-300x200.jpg\" class=\"vc_single_image-img attachment-medium\" alt=\"\" title=\"SLPlay_telao_slider_Esteban2\" srcset=\"https:\/\/showlivreplay.com\/wp-content\/uploads\/2020\/06\/SLPlay_telao_slider_Esteban2-300x200.jpg 300w, https:\/\/showlivreplay.com\/wp-content\/uploads\/2020\/06\/SLPlay_telao_slider_Esteban2-1024x683.jpg 1024w, https:\/\/showlivreplay.com\/wp-content\/uploads\/2020\/06\/SLPlay_telao_slider_Esteban2-768x512.jpg 768w, https:\/\/showlivreplay.com\/wp-content\/uploads\/2020\/06\/SLPlay_telao_slider_Esteban2-1536x1024.jpg 1536w, https:\/\/showlivreplay.com\/wp-content\/uploads\/2020\/06\/SLPlay_telao_slider_Esteban2-600x400.jpg 600w, https:\/\/showlivreplay.com\/wp-content\/uploads\/2020\/06\/SLPlay_telao_slider_Esteban2.jpg 1600w\" sizes=\"(max-width: 300px) 100vw, 300px\" \/><\/div>\n\t\t<\/div>\n\t<\/div><h2 style=\"font-size: 18px;color: #000000;text-align: center;font-family:Open Sans;font-weight:700;font-style:normal\" class=\"vc_custom_heading\" >Esteban - LIVE direct from the Studio<\/h2><h2 style=\"font-size: 14px;line-height: 2;text-align: center;font-family:Open Sans;font-weight:400;font-style:normal\" class=\"vc_custom_heading\" >Presentation recorded on 7\/17\/2020, made from ShowlivrePLAY Studio.<\/h2><div class=\"clearfix\" style=\"height:20px;\"><\/div><div class=\"theme_button tiny fount_custom_button btn-watch\"><a href=\"https:\/\/showlivreplay.com\/en\/product\/esteban-show-interativo-direto-do-estudio\/\" target=\"_self\" class=\"fade_anchor with_icon\" style=\"background-color:#000000\" data-color=\"#000000\" data-forced-color=\"true\"><div class=\"text_shifter\">Watch<\/div><div class=\"icon_cell\"><i class=\"fas fa-chevron-right\"><\/i><\/div><\/a><\/div><div class=\"clearfix\" style=\"margin-top:-10px;\"><\/div>\n\t\t<\/div> \n\t<\/div> \n\n\t<div class=\"vc_col-sm-4 columns vc_column_container wpb_column column_container wpb_column\">\n\t\t<div class=\"wpb_wrapper\">\n\t\t\t<div class=\"wpb_single_image vc_align_center\">\n\t\t<div class=\"wpb_wrapper\">\n\t\t\t\n\t\t\t<div class=\"vc_single_image-wrapper\"><img loading=\"lazy\" decoding=\"async\" width=\"300\" height=\"200\" src=\"https:\/\/showlivreplay.com\/wp-content\/uploads\/2020\/06\/726A0015-300x200.jpg\" class=\"vc_single_image-img attachment-medium\" alt=\"\" title=\"726A0015\" srcset=\"https:\/\/showlivreplay.com\/wp-content\/uploads\/2020\/06\/726A0015-300x200.jpg 300w, https:\/\/showlivreplay.com\/wp-content\/uploads\/2020\/06\/726A0015-1024x683.jpg 1024w, https:\/\/showlivreplay.com\/wp-content\/uploads\/2020\/06\/726A0015-768x512.jpg 768w, https:\/\/showlivreplay.com\/wp-content\/uploads\/2020\/06\/726A0015-1536x1024.jpg 1536w, https:\/\/showlivreplay.com\/wp-content\/uploads\/2020\/06\/726A0015-2048x1365.jpg 2048w, https:\/\/showlivreplay.com\/wp-content\/uploads\/2020\/06\/726A0015-600x400.jpg 600w\" sizes=\"(max-width: 300px) 100vw, 300px\" \/><\/div>\n\t\t<\/div>\n\t<\/div><h2 style=\"font-size: 18px;color: #000000;text-align: center;font-family:Open Sans;font-weight:700;font-style:normal\" class=\"vc_custom_heading\" >Chico Cesar - Interactive Show directly from the Studio<\/h2><h2 style=\"font-size: 14px;line-height: 2;text-align: center;font-family:Open Sans;font-weight:400;font-style:normal\" class=\"vc_custom_heading\" >Presentation recorded on the 10\/7\/2020, made from ShowlivrePlay studio.<\/h2><div class=\"clearfix\" style=\"height:20px;\"><\/div><div class=\"theme_button tiny fount_custom_button btn-watch\"><a href=\"https:\/\/showlivreplay.com\/en\/product\/chico-cesar-show-interativo-direto-do-estudio\/\" target=\"_self\" class=\"fade_anchor with_icon\" style=\"background-color:#000000\" data-color=\"#000000\" data-forced-color=\"true\"><div class=\"text_shifter\">Watch<\/div><div class=\"icon_cell\"><i class=\"fas fa-chevron-right\"><\/i><\/div><\/a><\/div><div class=\"clearfix\" style=\"margin-top:-10px;\"><\/div>\n\t\t<\/div> \n\t<\/div> \n\n\t<div class=\"vc_col-sm-4 columns vc_column_container wpb_column column_container wpb_column\">\n\t\t<div class=\"wpb_wrapper\">\n\t\t\t<div class=\"wpb_single_image vc_align_center\">\n\t\t<div class=\"wpb_wrapper\">\n\t\t\t\n\t\t\t<div class=\"vc_single_image-wrapper\"><img loading=\"lazy\" decoding=\"async\" width=\"300\" height=\"200\" src=\"https:\/\/showlivreplay.com\/wp-content\/uploads\/2020\/04\/SLPlay_telao_slider_TribodeJah_2-300x200.jpg\" class=\"vc_single_image-img attachment-medium\" alt=\"\" title=\"SLPlay_telao_slider_TribodeJah_2\" srcset=\"https:\/\/showlivreplay.com\/wp-content\/uploads\/2020\/04\/SLPlay_telao_slider_TribodeJah_2-300x200.jpg 300w, https:\/\/showlivreplay.com\/wp-content\/uploads\/2020\/04\/SLPlay_telao_slider_TribodeJah_2-1024x683.jpg 1024w, https:\/\/showlivreplay.com\/wp-content\/uploads\/2020\/04\/SLPlay_telao_slider_TribodeJah_2-768x512.jpg 768w, https:\/\/showlivreplay.com\/wp-content\/uploads\/2020\/04\/SLPlay_telao_slider_TribodeJah_2-1536x1024.jpg 1536w, https:\/\/showlivreplay.com\/wp-content\/uploads\/2020\/04\/SLPlay_telao_slider_TribodeJah_2-600x400.jpg 600w, https:\/\/showlivreplay.com\/wp-content\/uploads\/2020\/04\/SLPlay_telao_slider_TribodeJah_2.jpg 1600w\" sizes=\"(max-width: 300px) 100vw, 300px\" \/><\/div>\n\t\t<\/div>\n\t<\/div><h2 style=\"font-size: 18px;color: #000000;text-align: center;font-family:Open Sans;font-weight:700;font-style:normal\" class=\"vc_custom_heading\" >Tribo de Jah \u2013 LIVE for #musicasalva<\/h2><h2 style=\"font-size: 14px;line-height: 2;text-align: center;font-family:Open Sans;font-weight:400;font-style:normal\" class=\"vc_custom_heading\" >Presentation recorded on 5\/8\/2020, made from the artists&#039; house for the #musicasalva campaign.<\/h2><div class=\"clearfix\" style=\"height:20px;\"><\/div><div class=\"theme_button tiny fount_custom_button btn-watch\"><a href=\"https:\/\/showlivreplay.com\/en\/product\/tribo-de-jah-ao-vivo-para-o-musicasalva-r10\/\" target=\"_self\" class=\"fade_anchor with_icon\" style=\"background-color:#000000\" data-color=\"#000000\" data-forced-color=\"true\"><div class=\"text_shifter\">Watch<\/div><div class=\"icon_cell\"><i class=\"fas fa-chevron-right\"><\/i><\/div><\/a><\/div><div class=\"clearfix\" style=\"margin-top:-10px;\"><\/div>\n\t\t<\/div> \n\t<\/div> \n<\/div><\/div><\/div><div class=\"clearfix\"><\/div><\/div><div class=\"clearfix\"><\/div><div id=\"gen_fount-466\"class=\"per_init wpb_row vc_row-fluid vc_row prk_full_width prk_section vc_row-fluid fount_centered_text fount_row\" ><div class=\"small-12 fount_outer_row\"><div class=\"extra_pad prk_inner_block columns small-centered clearfix\"><div class=\"row\">\n\t<div class=\"vc_col-sm-12 columns vc_column_container wpb_column column_container wpb_column\">\n\t\t<div class=\"wpb_wrapper\">\n\t\t\t<div class=\"theme_button large recorded-shows-botton-large\"><a href=\"https:\/\/showlivreplay.com\/en\/catalogo-shows\/\" target=\"_self\" class=\"fade_anchor\">See all<\/a><\/div><div class=\"clearfix\" style=\"height:20px;\"><\/div>\n\t<div class=\"wpb_text_column wpb_content_element  container-title-home-show\" >\n\t\t<div class=\"wpb_wrapper\">\n\t\t\t<div class=\"simple_line colored above thicker columns small-2 medium-1 small-centered forced_mobile line-title-home\" style=\"border-bottom-color: #0c0c0c;\"><\/div>\n<div class=\"header_font bd_headings_text_shadow zero_color prk_vc_title title-home-show\">\n<h2>About ShowlivrePlay<\/h2>\n<\/div>\n\n\t\t<\/div>\n\t<\/div>\n\n\t<div class=\"wpb_text_column wpb_content_element\" >\n\t\t<div class=\"wpb_wrapper\">\n\t\t\t<p><span style=\"font-weight: 400;\">No ShowlivrePlay, os artistas se apresentam ao vivo para seus f\u00e3s a partir de casas de shows, festivais, est\u00fadios e at\u00e9 do pr\u00f3prio Est\u00fadio Showlivre.<\/span><\/p>\n<p><span style=\"font-weight: 400;\">The shows are always unique, unmissable experiences that you won&#039;t find anywhere else.<\/span><\/p>\n<p><span style=\"font-weight: 400;\">ShowlivrePlay believes that it can contribute to the amplification of the artists&#039; audience beyond the in-person stages, expanding its fan base and getting even closer to its current fans.<\/span><\/p>\n<p><span style=\"font-weight: 400;\">O artista aumenta sua audi\u00eancia e o f\u00e3 assiste a shows exclusivos com todo o conforto e comodidade em qualquer lugar que esteja.\u00a0<\/span><\/p>\n<p><span style=\"font-weight: 400;\">Tudo ao alcance do celular, tablet, desktop ou SmartTV.<\/span><\/p>\n\n\t\t<\/div>\n\t<\/div>\n\n\t<div class=\"wpb_text_column wpb_content_element\" >\n\t\t<div class=\"wpb_wrapper\">\n\t\t\t<p style=\"text-align: center;\"><span style=\"font-weight: 400;\">Discover the upcoming schedule here: <\/span><a href=\"https:\/\/showlivreplay.com\/en\/agenda\/\"><span style=\"font-weight: 400;\">Live Shows<\/span><span style=\"font-weight: 400;\">\u00a0<\/span><\/a><\/p>\n<p style=\"text-align: center;\"><span style=\"font-weight: 400;\">Missed the opportunity to watch a live show?<\/span><\/p>\n<p style=\"text-align: center;\"><span style=\"font-weight: 400;\">Discover the catalog here: <\/span><a href=\"https:\/\/showlivreplay.com\/en\/shows-gravados-2\/\"><span style=\"font-weight: 400;\">Recorded Shows\u00a0<\/span><\/a><\/p>\n<p style=\"text-align: center;\"><span style=\"font-weight: 400;\">ShowlivrePlay is an achievement of:<\/span><\/p>\n<p><img loading=\"lazy\" decoding=\"async\" class=\"wp-image-64221 aligncenter\" src=\"https:\/\/showlivreplay.s3.amazonaws.com\/2023\/06\/Logo-Showlivre-Roxo.png\" alt=\"\" width=\"186\" height=\"105\" \/><\/p>\n\n\t\t<\/div>\n\t<\/div>\n<div class=\"clearfix\" style=\"margin-top:-10px;\"><\/div>\n\t\t<\/div> \n\t<\/div> \n<\/div><\/div><\/div><div class=\"clearfix\"><\/div><\/div><div class=\"clearfix\"><\/div>\n<\/div>","protected":false},"excerpt":{"rendered":"Agenda de Shows Ao Vivo Confira nossas pr\u00f3ximas transmiss\u00f5es AO VIVO e adquira seu ingresso j\u00e1! N\u00e3o h\u00e1 shows programadosVer Todos Shows Gravados Assista aos shows que j\u00e1 foram transmitidos no ShowlivrePlay! Esteban - AO VIVO direto do Est\u00fadioApresenta\u00e7\u00e3o gravada no dia 17\/7\/2020, feita a partir do Est\u00fadio ShowlivrePLAY.Assistir Chico Cesar - Show Interativo direto [...]","protected":false},"author":2,"featured_media":0,"parent":0,"menu_order":83,"comment_status":"closed","ping_status":"closed","template":"","meta":{"_ppp_document_settings_meta":"","footnotes":""},"_links":{"self":[{"href":"https:\/\/showlivreplay.com\/en\/wp-json\/wp\/v2\/pages\/8052"}],"collection":[{"href":"https:\/\/showlivreplay.com\/en\/wp-json\/wp\/v2\/pages"}],"about":[{"href":"https:\/\/showlivreplay.com\/en\/wp-json\/wp\/v2\/types\/page"}],"author":[{"embeddable":true,"href":"https:\/\/showlivreplay.com\/en\/wp-json\/wp\/v2\/users\/2"}],"replies":[{"embeddable":true,"href":"https:\/\/showlivreplay.com\/en\/wp-json\/wp\/v2\/comments?post=8052"}],"version-history":[{"count":159,"href":"https:\/\/showlivreplay.com\/en\/wp-json\/wp\/v2\/pages\/8052\/revisions"}],"predecessor-version":[{"id":64782,"href":"https:\/\/showlivreplay.com\/en\/wp-json\/wp\/v2\/pages\/8052\/revisions\/64782"}],"wp:attachment":[{"href":"https:\/\/showlivreplay.com\/en\/wp-json\/wp\/v2\/media?parent=8052"}],"curies":[{"name":"wp","href":"https:\/\/api.w.org\/{rel}","templated":true}]}}